{"id":3310,"date":"2025-05-22T18:00:25","date_gmt":"2025-05-22T18:00:25","guid":{"rendered":"https:\/\/dialectointeriorismo.com\/?page_id=3310"},"modified":"2025-09-30T19:26:16","modified_gmt":"2025-09-30T19:26:16","slug":"custom-decor","status":"publish","type":"page","link":"https:\/\/dialectointeriorismo.com\/es\/custom-decor\/","title":{"rendered":"Decoraci\u00f3n a medida"},"content":{"rendered":"<div data-elementor-type=\"wp-page\" data-elementor-id=\"3310\" class=\"elementor elementor-3310\">\n\t\t\t\t\t\t<section class=\"elementor-section elementor-top-section elementor-element elementor-element-5b1236fd elementor-section-full_width elementor-section-height-default elementor-section-height-default\" data-id=\"5b1236fd\" data-element_type=\"section\" data-e-type=\"section\">\n\t\t\t\t\t\t<div class=\"elementor-container elementor-column-gap-no\">\n\t\t\t\t\t<div class=\"elementor-column elementor-col-100 elementor-top-column elementor-element elementor-element-3eaec6e4\" data-id=\"3eaec6e4\" data-element_type=\"column\" data-e-type=\"column\">\n\t\t\t<div class=\"elementor-widget-wrap elementor-element-populated\">\n\t\t\t\t\t\t<div class=\"elementor-section elementor-inner-section elementor-element elementor-element-64a7113d elementor-section-full_width elementor-section-height-default elementor-section-height-default\" data-id=\"64a7113d\" data-element_type=\"section\" data-e-type=\"section\">\n\t\t\t\t\t\t<div class=\"elementor-container elementor-column-gap-default\">\n\t\t\t\t\t<div class=\"elementor-column elementor-col-100 elementor-inner-column elementor-element elementor-element-40ec4f5f\" data-id=\"40ec4f5f\" data-element_type=\"column\" data-e-type=\"column\">\n\t\t\t<div class=\"elementor-widget-wrap elementor-element-populated\">\n\t\t\t\t\t\t<div class=\"elementor-element elementor-element-369c1f1e elementor-widget elementor-widget-bauen-title\" data-id=\"369c1f1e\" data-element_type=\"widget\" data-e-type=\"widget\" data-widget_type=\"bauen-title.default\">\n\t\t\t\t<div class=\"elementor-widget-container\">\n\t\t\t\t\t\t\t\n\t\t\t\t\t\t\t\t<h2 class=\"section-title2 text-left\">Decoraci\u00f3n a medida<\/h2>\n\t\t\t\t\t\t\t\t\t\t\t\n\t\t\n\t\t\t\n        \t\t\t\t<\/div>\n\t\t\t\t<\/div>\n\t\t\t\t<div class=\"elementor-element elementor-element-5c068240 elementor-widget elementor-widget-bauen-text\" data-id=\"5c068240\" data-element_type=\"widget\" data-e-type=\"widget\" data-widget_type=\"bauen-text.default\">\n\t\t\t\t<div class=\"elementor-widget-container\">\n\t\t\t\t\t\t\t<div class=\"bn-text-block clear\">\n\t\t<p data-start=\"132\" data-end=\"417\">Dise\u00f1amos espacios \u00fanicos utilizando materiales, acabados y piezas elaboradas por artesanos locales. Cada proyecto es una fusi\u00f3n entre dise\u00f1o y tradici\u00f3n, donde incorporamos mobiliario, textiles, cer\u00e1mica y elementos hechos a medida para dar car\u00e1cter y autenticidad a cada ambiente.<\/p><p data-start=\"419\" data-end=\"604\" data-is-last-node=\"\" data-is-only-node=\"\">Creamos espacios que reflejan tu estilo, integrados con el entorno y cargados de sentido. Apostamos por lo local, lo sostenible y lo hecho con alma.<\/p>\t\t<\/div>\n\t\t\t\t\t\t<\/div>\n\t\t\t\t<\/div>\n\t\t\t\t\t<\/div>\n\t\t<\/div>\n\t\t\t\t\t<\/div>\n\t\t<\/div>\n\t\t\t\t\t<\/div>\n\t\t<\/div>\n\t\t\t\t\t<\/div>\n\t\t<\/section>\n\t\t<div class=\"elementor-element elementor-element-2cd99ed e-flex e-con-boxed e-con e-parent\" data-id=\"2cd99ed\" data-element_type=\"container\" data-e-type=\"container\">\n\t\t\t\t\t<div class=\"e-con-inner\">\n\t\t\t\t<div class=\"elementor-element elementor-element-49844f4 elementor-widget elementor-widget-bauen-title\" data-id=\"49844f4\" data-element_type=\"widget\" data-e-type=\"widget\" data-widget_type=\"bauen-title.default\">\n\t\t\t\t<div class=\"elementor-widget-container\">\n\t\t\t\t\t\t\t\n\t\t\t\t\t\t\t\t<h2 class=\"section-title2 text-left\">galer\u00eda<\/h2>\n\t\t\t\t\t\t\t\t\t\t\t\n\t\t\n\t\t\t\n        \t\t\t\t<\/div>\n\t\t\t\t<\/div>\n\t\t\t\t<div class=\"elementor-element elementor-element-d1efed6 elementor-widget elementor-widget-bauen-gallery\" data-id=\"d1efed6\" data-element_type=\"widget\" data-e-type=\"widget\" data-widget_type=\"bauen-gallery.default\">\n\t\t\t\t<div class=\"elementor-widget-container\">\n\t\t\t\t\t\t\t\n\t\t\t\t\t\t<div class=\"container-after-gallery\">\n\t\t<div class=\"row isotope-items-wrap  no-hide-last loadmore-wrapper-gallery sec-gallery\" data-load-item=\"10000000\" data-button-text=\"Load More\">\t\n\t\t\t\t\t\t\t\t\t    \t\t\t\t\n\t\t\t\t\t<div class=\"col-md-6 gallery-item isotope-item\">\n\t\t\t\t\t\t\n\t\t\t\t\t\t<a href=\"https:\/\/dialectointeriorismo.com\/wp-content\/uploads\/2025\/05\/DECORACION-A-MEDIDA-Dialecto-muebles.png\" title=\"\" class=\"img-zoom-gallery\">\n\t\t\t\t\t\t\t<div class=\"gallery-box\">\n\t\t\t\t\t\t\t\t<div class=\"gallery-img\"> \n\t\t\t\t\t\t\t\t<img decoding=\"async\" src=\"https:\/\/dialectointeriorismo.com\/wp-content\/uploads\/2025\/05\/DECORACION-A-MEDIDA-Dialecto-muebles.png \" alt=\"\"\/>\n\t\t\t\t\t\t\t\t<\/div>\n\t\t\t\t\t\t\t<\/div>\t\t\t\t\t\t\t\t\t\n\t\t\t\t\t\t<\/a>\n\t\t\t\t\t\t\n\t\t\t\t\t<\/div>\n\t\t\t    \t\n\t\t\t\t\t\t\t\t\t    \t\t\t\t\n\t\t\t\t\t<div class=\"col-md-6 gallery-item isotope-item\">\n\t\t\t\t\t\t\n\t\t\t\t\t\t<a href=\"https:\/\/dialectointeriorismo.com\/wp-content\/uploads\/2025\/05\/DECORACION-A-MEDIDA-Dialecto-habitaciones.png\" title=\"\" class=\"img-zoom-gallery\">\n\t\t\t\t\t\t\t<div class=\"gallery-box\">\n\t\t\t\t\t\t\t\t<div class=\"gallery-img\"> \n\t\t\t\t\t\t\t\t<img decoding=\"async\" src=\"https:\/\/dialectointeriorismo.com\/wp-content\/uploads\/2025\/05\/DECORACION-A-MEDIDA-Dialecto-habitaciones.png \" alt=\"\"\/>\n\t\t\t\t\t\t\t\t<\/div>\n\t\t\t\t\t\t\t<\/div>\t\t\t\t\t\t\t\t\t\n\t\t\t\t\t\t<\/a>\n\t\t\t\t\t\t\n\t\t\t\t\t<\/div>\n\t\t\t    \t\n\t\t\t\t\t\t\t\t\t    \t\t\t\t\n\t\t\t\t\t<div class=\"col-md-6 gallery-item isotope-item\">\n\t\t\t\t\t\t\n\t\t\t\t\t\t<a href=\"https:\/\/dialectointeriorismo.com\/wp-content\/uploads\/2025\/05\/DECORACION-A-MEDIDA-Dialecto-1.png\" title=\"\" class=\"img-zoom-gallery\">\n\t\t\t\t\t\t\t<div class=\"gallery-box\">\n\t\t\t\t\t\t\t\t<div class=\"gallery-img\"> \n\t\t\t\t\t\t\t\t<img decoding=\"async\" src=\"https:\/\/dialectointeriorismo.com\/wp-content\/uploads\/2025\/05\/DECORACION-A-MEDIDA-Dialecto-1.png \" alt=\"\"\/>\n\t\t\t\t\t\t\t\t<\/div>\n\t\t\t\t\t\t\t<\/div>\t\t\t\t\t\t\t\t\t\n\t\t\t\t\t\t<\/a>\n\t\t\t\t\t\t\n\t\t\t\t\t<\/div>\n\t\t\t    \t\n\t\t\t\t\t\t\t\t\t    \t\t\t\t\n\t\t\t\t\t<div class=\"col-md-6 gallery-item isotope-item\">\n\t\t\t\t\t\t\n\t\t\t\t\t\t<a href=\"https:\/\/dialectointeriorismo.com\/wp-content\/uploads\/2025\/09\/decoracion-a-la-medida-dialecto-3-scaled.jpg\" title=\"\" class=\"img-zoom-gallery\">\n\t\t\t\t\t\t\t<div class=\"gallery-box\">\n\t\t\t\t\t\t\t\t<div class=\"gallery-img\"> \n\t\t\t\t\t\t\t\t<img decoding=\"async\" src=\"https:\/\/dialectointeriorismo.com\/wp-content\/uploads\/2025\/09\/decoracion-a-la-medida-dialecto-3-scaled.jpg \" alt=\"\"\/>\n\t\t\t\t\t\t\t\t<\/div>\n\t\t\t\t\t\t\t<\/div>\t\t\t\t\t\t\t\t\t\n\t\t\t\t\t\t<\/a>\n\t\t\t\t\t\t\n\t\t\t\t\t<\/div>\n\t\t\t    \t\n\t\t\t\t\t\t\t\t\t    \t\t\t\t\n\t\t\t\t\t<div class=\"col-md-6 gallery-item isotope-item\">\n\t\t\t\t\t\t\n\t\t\t\t\t\t<a href=\"https:\/\/dialectointeriorismo.com\/wp-content\/uploads\/2025\/09\/decoracion-a-la-medida-dialecto-2.jpg\" title=\"\" class=\"img-zoom-gallery\">\n\t\t\t\t\t\t\t<div class=\"gallery-box\">\n\t\t\t\t\t\t\t\t<div class=\"gallery-img\"> \n\t\t\t\t\t\t\t\t<img decoding=\"async\" src=\"https:\/\/dialectointeriorismo.com\/wp-content\/uploads\/2025\/09\/decoracion-a-la-medida-dialecto-2.jpg \" alt=\"\"\/>\n\t\t\t\t\t\t\t\t<\/div>\n\t\t\t\t\t\t\t<\/div>\t\t\t\t\t\t\t\t\t\n\t\t\t\t\t\t<\/a>\n\t\t\t\t\t\t\n\t\t\t\t\t<\/div>\n\t\t\t    \t\n\t\t\t\t\t\t\t\t\t    \t\t\t\t\n\t\t\t\t\t<div class=\"col-md-6 gallery-item isotope-item\">\n\t\t\t\t\t\t\n\t\t\t\t\t\t<a href=\"https:\/\/dialectointeriorismo.com\/wp-content\/uploads\/2025\/09\/decoracion-a-la-medida-dialecto-1.jpg\" title=\"\" class=\"img-zoom-gallery\">\n\t\t\t\t\t\t\t<div class=\"gallery-box\">\n\t\t\t\t\t\t\t\t<div class=\"gallery-img\"> \n\t\t\t\t\t\t\t\t<img decoding=\"async\" src=\"https:\/\/dialectointeriorismo.com\/wp-content\/uploads\/2025\/09\/decoracion-a-la-medida-dialecto-1.jpg \" alt=\"\"\/>\n\t\t\t\t\t\t\t\t<\/div>\n\t\t\t\t\t\t\t<\/div>\t\t\t\t\t\t\t\t\t\n\t\t\t\t\t\t<\/a>\n\t\t\t\t\t\t\n\t\t\t\t\t<\/div>\n\t\t\t    \t\n\t\t\t\t\n\t\t<\/div>\t\t\n\t\t<\/div>\t\t\n\t\t        \t\t\t\t<\/div>\n\t\t\t\t<\/div>\n\t\t\t\t\t<\/div>\n\t\t\t\t<\/div>\n\t\t\t\t<\/div>","protected":false},"excerpt":{"rendered":"<p>Custom decor We design one-of-a-kind spaces using materials, finishes, and pieces crafted by local artisans. Each project is a fusion of design and tradition, where we incorporate custom-made furniture, textiles, ceramics, and decorative elements to bring authenticity and character to every space. We create environments that reflect your style, are harmoniously integrated with their surroundings, and are full of meaning&#8230;.<\/p>","protected":false},"author":1,"featured_media":0,"parent":0,"menu_order":0,"comment_status":"closed","ping_status":"closed","template":"","meta":{"footnotes":"","_links_to":"","_links_to_target":""},"class_list":["post-3310","page","type-page","status-publish","hentry"],"_links":{"self":[{"href":"https:\/\/dialectointeriorismo.com\/es\/wp-json\/wp\/v2\/pages\/3310","targetHints":{"allow":["GET"]}}],"collection":[{"href":"https:\/\/dialectointeriorismo.com\/es\/wp-json\/wp\/v2\/pages"}],"about":[{"href":"https:\/\/dialectointeriorismo.com\/es\/wp-json\/wp\/v2\/types\/page"}],"author":[{"embeddable":true,"href":"https:\/\/dialectointeriorismo.com\/es\/wp-json\/wp\/v2\/users\/1"}],"replies":[{"embeddable":true,"href":"https:\/\/dialectointeriorismo.com\/es\/wp-json\/wp\/v2\/comments?post=3310"}],"version-history":[{"count":10,"href":"https:\/\/dialectointeriorismo.com\/es\/wp-json\/wp\/v2\/pages\/3310\/revisions"}],"predecessor-version":[{"id":3932,"href":"https:\/\/dialectointeriorismo.com\/es\/wp-json\/wp\/v2\/pages\/3310\/revisions\/3932"}],"wp:attachment":[{"href":"https:\/\/dialectointeriorismo.com\/es\/wp-json\/wp\/v2\/media?parent=3310"}],"curies":[{"name":"wp","href":"https:\/\/api.w.org\/{rel}","templated":true}]}}