{"id":176,"date":"2021-10-04T04:25:09","date_gmt":"2021-10-04T04:25:09","guid":{"rendered":"https:\/\/webredox.net\/demo\/wp\/bauen\/light\/multi\/demo1\/?page_id=176"},"modified":"2025-11-07T13:49:53","modified_gmt":"2025-11-07T13:49:53","slug":"proposal-and-organization-of-in-store-displays","status":"publish","type":"page","link":"https:\/\/dialectointeriorismo.com\/es\/services\/proposal-and-organization-of-in-store-displays\/","title":{"rendered":"Propuesta y organizaci\u00f3n de exhibici\u00f3n en tiendas"},"content":{"rendered":"<div data-elementor-type=\"wp-page\" data-elementor-id=\"176\" class=\"elementor elementor-176\">\n\t\t\t\t\t\t<section class=\"elementor-section elementor-top-section elementor-element elementor-element-7259f2dc elementor-section-full_width elementor-section-height-default elementor-section-height-default\" data-id=\"7259f2dc\" data-element_type=\"section\" data-e-type=\"section\">\n\t\t\t\t\t\t<div class=\"elementor-container elementor-column-gap-no\">\n\t\t\t\t\t<div class=\"elementor-column elementor-col-100 elementor-top-column elementor-element elementor-element-2cb71eed\" data-id=\"2cb71eed\" data-element_type=\"column\" data-e-type=\"column\">\n\t\t\t<div class=\"elementor-widget-wrap elementor-element-populated\">\n\t\t\t\t\t\t<div class=\"elementor-section elementor-inner-section elementor-element elementor-element-527f4709 elementor-section-full_width elementor-section-height-default elementor-section-height-default\" data-id=\"527f4709\" data-element_type=\"section\" data-e-type=\"section\">\n\t\t\t\t\t\t<div class=\"elementor-container elementor-column-gap-default\">\n\t\t\t\t\t<div class=\"elementor-column elementor-col-100 elementor-inner-column elementor-element elementor-element-3db68eaa\" data-id=\"3db68eaa\" data-element_type=\"column\" data-e-type=\"column\">\n\t\t\t<div class=\"elementor-widget-wrap elementor-element-populated\">\n\t\t\t\t\t\t<div class=\"elementor-element elementor-element-2a1a03ef elementor-widget elementor-widget-bauen-title\" data-id=\"2a1a03ef\" data-element_type=\"widget\" data-e-type=\"widget\" data-widget_type=\"bauen-title.default\">\n\t\t\t\t<div class=\"elementor-widget-container\">\n\t\t\t\t\t\t\t\n\t\t\t\t\t\t\t\t<h2 class=\"section-title2 text-left\">Propuesta y organizaci\u00f3n de exhibici\u00f3n en tiendas<\/h2>\n\t\t\t\t\t\t\t\t\t\t\t\n\t\t\n\t\t\t\n        \t\t\t\t<\/div>\n\t\t\t\t<\/div>\n\t\t\t\t<div class=\"elementor-element elementor-element-1ded6429 elementor-widget elementor-widget-bauen-text\" data-id=\"1ded6429\" data-element_type=\"widget\" data-e-type=\"widget\" data-widget_type=\"bauen-text.default\">\n\t\t\t\t<div class=\"elementor-widget-container\">\n\t\t\t\t\t\t\t<div class=\"bn-text-block clear\">\n\t\t<p data-start=\"0\" data-end=\"333\">En Dialecto entendemos la importancia de una exhibici\u00f3n atractiva y funcional para maximizar el impacto visual de tus productos y cautivar a los clientes. Nuestro servicio de propuesta y organizaci\u00f3n de exhibici\u00f3n en tiendas est\u00e1 dise\u00f1ado para transformar tu espacio comercial en una experiencia \u00fanica y envolvente, que refleje la identidad de tu marca.<\/p><p data-start=\"335\" data-end=\"357\"><strong data-start=\"335\" data-end=\"355\">\u00bfQu\u00e9 Incluye?<\/strong><\/p><ul data-start=\"358\" data-end=\"626\"><li data-start=\"358\" data-end=\"407\"><p data-start=\"360\" data-end=\"407\">An\u00e1lisis del espacio y propuesta creativa de exhibici\u00f3n.<\/p><\/li><li data-start=\"408\" data-end=\"466\"><p data-start=\"410\" data-end=\"466\">Selecci\u00f3n estrat\u00e9gica de mobiliario y soportes de exhibici\u00f3n.<\/p><\/li><li data-start=\"467\" data-end=\"538\"><p data-start=\"469\" data-end=\"538\">Organizaci\u00f3n visual para resaltar los productos y optimizar la circulaci\u00f3n.<\/p><\/li><li data-start=\"539\" data-end=\"626\"><p data-start=\"541\" data-end=\"626\">Montaje y estilizaci\u00f3n final para lograr un ambiente cautivador y arm\u00f3nico.<\/p><\/li><\/ul><p data-start=\"628\" data-end=\"776\" data-is-last-node=\"\" data-is-only-node=\"\">Integramos dise\u00f1o, funcionalidad y estilo para lograr escaparates y espacios que generan impacto y conectan emocionalmente con los clientes.<\/p>\t\t<\/div>\n\t\t\t\t\t\t<\/div>\n\t\t\t\t<\/div>\n\t\t<div class=\"elementor-element elementor-element-300f7d1 e-flex e-con-boxed e-con e-parent\" data-id=\"300f7d1\" data-element_type=\"container\" data-e-type=\"container\">\n\t\t\t\t\t<div class=\"e-con-inner\">\n\t\t\t\t<div class=\"elementor-element elementor-element-cf7fde3 elementor-widget elementor-widget-bauen-gallery\" data-id=\"cf7fde3\" data-element_type=\"widget\" data-e-type=\"widget\" data-widget_type=\"bauen-gallery.default\">\n\t\t\t\t<div class=\"elementor-widget-container\">\n\t\t\t\t\t\t\t\n\t\t\t\t\t\t<div class=\"container-after-gallery\">\n\t\t<div class=\"row isotope-items-wrap  no-hide-last loadmore-wrapper-gallery sec-gallery\" data-load-item=\"10000000\" data-button-text=\"Load More\">\t\n\t\t\t\t\t\t\t\t\t    \t\t\t\t\n\t\t\t\t\t<div class=\"col-md-6 gallery-item isotope-item\">\n\t\t\t\t\t\t\n\t\t\t\t\t\t<a href=\"https:\/\/dialectointeriorismo.com\/wp-content\/uploads\/2025\/09\/Propuesta-y-organizacion-en-tiendas-dialecto-1-scaled.jpg\" title=\"\" class=\"img-zoom-gallery\">\n\t\t\t\t\t\t\t<div class=\"gallery-box\">\n\t\t\t\t\t\t\t\t<div class=\"gallery-img\"> \n\t\t\t\t\t\t\t\t<img decoding=\"async\" src=\"https:\/\/dialectointeriorismo.com\/wp-content\/uploads\/2025\/09\/Propuesta-y-organizacion-en-tiendas-dialecto-1-scaled.jpg \" alt=\"\"\/>\n\t\t\t\t\t\t\t\t<\/div>\n\t\t\t\t\t\t\t<\/div>\t\t\t\t\t\t\t\t\t\n\t\t\t\t\t\t<\/a>\n\t\t\t\t\t\t\n\t\t\t\t\t<\/div>\n\t\t\t    \t\n\t\t\t\t\t\t\t\t\t    \t\t\t\t\n\t\t\t\t\t<div class=\"col-md-6 gallery-item isotope-item\">\n\t\t\t\t\t\t\n\t\t\t\t\t\t<a href=\"https:\/\/dialectointeriorismo.com\/wp-content\/uploads\/2025\/09\/Propuesta-y-organizacion-en-tiendas-dialecto-2-scaled.jpg\" title=\"\" class=\"img-zoom-gallery\">\n\t\t\t\t\t\t\t<div class=\"gallery-box\">\n\t\t\t\t\t\t\t\t<div class=\"gallery-img\"> \n\t\t\t\t\t\t\t\t<img decoding=\"async\" src=\"https:\/\/dialectointeriorismo.com\/wp-content\/uploads\/2025\/09\/Propuesta-y-organizacion-en-tiendas-dialecto-2-scaled.jpg \" alt=\"\"\/>\n\t\t\t\t\t\t\t\t<\/div>\n\t\t\t\t\t\t\t<\/div>\t\t\t\t\t\t\t\t\t\n\t\t\t\t\t\t<\/a>\n\t\t\t\t\t\t\n\t\t\t\t\t<\/div>\n\t\t\t    \t\n\t\t\t\t\n\t\t<\/div>\t\t\n\t\t<\/div>\t\t\n\t\t        \t\t\t\t<\/div>\n\t\t\t\t<\/div>\n\t\t\t\t\t<\/div>\n\t\t\t\t<\/div>\n\t\t\t\t\t<\/div>\n\t\t<\/div>\n\t\t\t\t\t<\/div>\n\t\t<\/div>\n\t\t\t\t\t<\/div>\n\t\t<\/div>\n\t\t\t\t\t<\/div>\n\t\t<\/section>\n\t\t\t\t<\/div>","protected":false},"excerpt":{"rendered":"<p>Proposal and organization of in-store displays At Dialecto, we understand the importance of an attractive and functional display to maximize the visual impact of your products and captivate customers. Our in-store display proposal and organization service is designed to transform your commercial space into a unique and immersive experience that reflects your brand\u2019s identity. What\u2019s Included? Space analysis and creative&#8230;<\/p>","protected":false},"author":1,"featured_media":0,"parent":61,"menu_order":0,"comment_status":"closed","ping_status":"closed","template":"","meta":{"footnotes":"","_links_to":"","_links_to_target":""},"class_list":["post-176","page","type-page","status-publish","hentry"],"_links":{"self":[{"href":"https:\/\/dialectointeriorismo.com\/es\/wp-json\/wp\/v2\/pages\/176","targetHints":{"allow":["GET"]}}],"collection":[{"href":"https:\/\/dialectointeriorismo.com\/es\/wp-json\/wp\/v2\/pages"}],"about":[{"href":"https:\/\/dialectointeriorismo.com\/es\/wp-json\/wp\/v2\/types\/page"}],"author":[{"embeddable":true,"href":"https:\/\/dialectointeriorismo.com\/es\/wp-json\/wp\/v2\/users\/1"}],"replies":[{"embeddable":true,"href":"https:\/\/dialectointeriorismo.com\/es\/wp-json\/wp\/v2\/comments?post=176"}],"version-history":[{"count":18,"href":"https:\/\/dialectointeriorismo.com\/es\/wp-json\/wp\/v2\/pages\/176\/revisions"}],"predecessor-version":[{"id":3978,"href":"https:\/\/dialectointeriorismo.com\/es\/wp-json\/wp\/v2\/pages\/176\/revisions\/3978"}],"up":[{"embeddable":true,"href":"https:\/\/dialectointeriorismo.com\/es\/wp-json\/wp\/v2\/pages\/61"}],"wp:attachment":[{"href":"https:\/\/dialectointeriorismo.com\/es\/wp-json\/wp\/v2\/media?parent=176"}],"curies":[{"name":"wp","href":"https:\/\/api.w.org\/{rel}","templated":true}]}}