{"id":173,"date":"2021-10-04T04:20:27","date_gmt":"2021-10-04T04:20:27","guid":{"rendered":"https:\/\/webredox.net\/demo\/wp\/bauen\/light\/multi\/demo1\/?page_id=173"},"modified":"2025-08-25T10:45:11","modified_gmt":"2025-08-25T10:45:11","slug":"styling-general","status":"publish","type":"page","link":"https:\/\/dialectointeriorismo.com\/es\/services\/styling-general\/","title":{"rendered":"Decoraci\u00f3n"},"content":{"rendered":"<div data-elementor-type=\"wp-page\" data-elementor-id=\"173\" class=\"elementor elementor-173\">\n\t\t\t\t\t\t<section class=\"elementor-section elementor-top-section elementor-element elementor-element-33ac4f2b elementor-section-full_width elementor-section-height-default elementor-section-height-default\" data-id=\"33ac4f2b\" data-element_type=\"section\" data-e-type=\"section\">\n\t\t\t\t\t\t<div class=\"elementor-container elementor-column-gap-no\">\n\t\t\t\t\t<div class=\"elementor-column elementor-col-100 elementor-top-column elementor-element elementor-element-13564f2d\" data-id=\"13564f2d\" data-element_type=\"column\" data-e-type=\"column\">\n\t\t\t<div class=\"elementor-widget-wrap elementor-element-populated\">\n\t\t\t\t\t\t<div class=\"elementor-section elementor-inner-section elementor-element elementor-element-41ce06dd elementor-section-full_width elementor-section-height-default elementor-section-height-default\" data-id=\"41ce06dd\" data-element_type=\"section\" data-e-type=\"section\">\n\t\t\t\t\t\t<div class=\"elementor-container elementor-column-gap-default\">\n\t\t\t\t\t<div class=\"elementor-column elementor-col-100 elementor-inner-column elementor-element elementor-element-61477467\" data-id=\"61477467\" data-element_type=\"column\" data-e-type=\"column\">\n\t\t\t<div class=\"elementor-widget-wrap elementor-element-populated\">\n\t\t\t\t\t\t<div class=\"elementor-element elementor-element-792916c5 elementor-widget elementor-widget-bauen-title\" data-id=\"792916c5\" data-element_type=\"widget\" data-e-type=\"widget\" data-widget_type=\"bauen-title.default\">\n\t\t\t\t<div class=\"elementor-widget-container\">\n\t\t\t\t\t\t\t\n\t\t\t\t\t\t\t\t<h2 class=\"section-title2 text-left\">Decoraci\u00f3n <\/h2>\n\t\t\t\t\t\t\t\t\t\t\t\n\t\t\n\t\t\t\n        \t\t\t\t<\/div>\n\t\t\t\t<\/div>\n\t\t\t\t<div class=\"elementor-element elementor-element-2fe4dbdf elementor-widget elementor-widget-bauen-text\" data-id=\"2fe4dbdf\" data-element_type=\"widget\" data-e-type=\"widget\" data-widget_type=\"bauen-text.default\">\n\t\t\t\t<div class=\"elementor-widget-container\">\n\t\t\t\t\t\t\t<div class=\"bn-text-block clear\">\n\t\t<p>El styling en interiorismo es el arte de transformar un espacio mediante la selecci\u00f3n y disposici\u00f3n cuidadosa de objetos decorativos, textiles, muebles y detalles est\u00e9ticos que aportan personalidad y armon\u00eda. Se enfoca en resaltar la esencia del entorno, creando ambientes que inspiran y cautivan a trav\u00e9s de una composici\u00f3n visual equilibrada y \u00fanica.<\/p>\t\t<\/div>\n\t\t\t\t\t\t<\/div>\n\t\t\t\t<\/div>\n\t\t\t\t\t<\/div>\n\t\t<\/div>\n\t\t\t\t\t<\/div>\n\t\t<\/div>\n\t\t\t\t<div class=\"elementor-section elementor-inner-section elementor-element elementor-element-514112ee elementor-section-full_width elementor-section-height-default elementor-section-height-default\" data-id=\"514112ee\" data-element_type=\"section\" data-e-type=\"section\">\n\t\t\t\t\t\t<div class=\"elementor-container elementor-column-gap-narrow\">\n\t\t\t\t\t<div class=\"elementor-column elementor-col-50 elementor-inner-column elementor-element elementor-element-704fdda4\" data-id=\"704fdda4\" data-element_type=\"column\" data-e-type=\"column\">\n\t\t\t<div class=\"elementor-widget-wrap elementor-element-populated\">\n\t\t\t\t\t\t<div class=\"elementor-element elementor-element-60cdd202 elementor-widget elementor-widget-bauen-single-img-video\" data-id=\"60cdd202\" data-element_type=\"widget\" data-e-type=\"widget\" data-widget_type=\"bauen-single-img-video.default\">\n\t\t\t\t<div class=\"elementor-widget-container\">\n\t\t\t\t\t\t\t\n\t\t\n\t\t\t\n\t\t\t\t\t\t    \t\t\t\t\n\t\t\t\t\t<div class=\"sec-gallery gallery-item\">\n\t\t\t\t\t\t\n\t\t\t\t\t\t<a href=\"https:\/\/dialectointeriorismo.com\/wp-content\/uploads\/2025\/06\/Casa-Palmeras-1-11-scaled.jpeg\" title=\"\" class=\"img-zoom-gallery\">\n\t\t\t\t\t\t\t<div class=\"gallery-box\">\n\t\t\t\t\t\t\t\t<div class=\"gallery-img\"> <img fetchpriority=\"high\" decoding=\"async\" width=\"1706\" height=\"2560\" src=\"https:\/\/dialectointeriorismo.com\/wp-content\/uploads\/2025\/06\/Casa-Palmeras-1-11-scaled.jpeg\" class=\"attachment-full size-full wp-image-3448\" alt=\"\" srcset=\"https:\/\/dialectointeriorismo.com\/wp-content\/uploads\/2025\/06\/Casa-Palmeras-1-11-scaled.jpeg 1706w, https:\/\/dialectointeriorismo.com\/wp-content\/uploads\/2025\/06\/Casa-Palmeras-1-11-200x300.jpeg 200w, https:\/\/dialectointeriorismo.com\/wp-content\/uploads\/2025\/06\/Casa-Palmeras-1-11-683x1024.jpeg 683w, https:\/\/dialectointeriorismo.com\/wp-content\/uploads\/2025\/06\/Casa-Palmeras-1-11-768x1152.jpeg 768w, https:\/\/dialectointeriorismo.com\/wp-content\/uploads\/2025\/06\/Casa-Palmeras-1-11-1024x1536.jpeg 1024w, https:\/\/dialectointeriorismo.com\/wp-content\/uploads\/2025\/06\/Casa-Palmeras-1-11-1365x2048.jpeg 1365w\" sizes=\"(max-width: 1706px) 100vw, 1706px\" \/> <\/div>\n\t\t\t\t\t\t\t<\/div>\t\t\t\t\t\t\t\t\t\n\t\t\t\t\t\t<\/a>\n\t\t\t\t\t\t\n\t\t\t\t\t<\/div>\n\t\t\t    \t\n\t\t\t\t\t\t<\/div>\n\t\t\t\t<\/div>\n\t\t\t\t\t<\/div>\n\t\t<\/div>\n\t\t\t\t<div class=\"elementor-column elementor-col-50 elementor-inner-column elementor-element elementor-element-2768dcbd\" data-id=\"2768dcbd\" data-element_type=\"column\" data-e-type=\"column\">\n\t\t\t<div class=\"elementor-widget-wrap elementor-element-populated\">\n\t\t\t\t\t\t<div class=\"elementor-element elementor-element-209e52be elementor-widget elementor-widget-bauen-single-img-video\" data-id=\"209e52be\" data-element_type=\"widget\" data-e-type=\"widget\" data-widget_type=\"bauen-single-img-video.default\">\n\t\t\t\t<div class=\"elementor-widget-container\">\n\t\t\t\t\t\t\t\n\t\t\n\t\t\t\n\t\t\t\t\t\t    \t\t\t\t\n\t\t\t\t\t<div class=\"sec-gallery gallery-item\">\n\t\t\t\t\t\t\n\t\t\t\t\t\t<a href=\"https:\/\/dialectointeriorismo.com\/wp-content\/uploads\/2025\/08\/Casa-Plataforma-15.jpg\" title=\"\" class=\"img-zoom-gallery\">\n\t\t\t\t\t\t\t<div class=\"gallery-box\">\n\t\t\t\t\t\t\t\t<div class=\"gallery-img\"> <img decoding=\"async\" width=\"1024\" height=\"1536\" src=\"https:\/\/dialectointeriorismo.com\/wp-content\/uploads\/2025\/08\/Casa-Plataforma-15.jpg\" class=\"attachment-full size-full wp-image-3505\" alt=\"\" srcset=\"https:\/\/dialectointeriorismo.com\/wp-content\/uploads\/2025\/08\/Casa-Plataforma-15.jpg 1024w, https:\/\/dialectointeriorismo.com\/wp-content\/uploads\/2025\/08\/Casa-Plataforma-15-200x300.jpg 200w, https:\/\/dialectointeriorismo.com\/wp-content\/uploads\/2025\/08\/Casa-Plataforma-15-683x1024.jpg 683w, https:\/\/dialectointeriorismo.com\/wp-content\/uploads\/2025\/08\/Casa-Plataforma-15-768x1152.jpg 768w\" sizes=\"(max-width: 1024px) 100vw, 1024px\" \/> <\/div>\n\t\t\t\t\t\t\t<\/div>\t\t\t\t\t\t\t\t\t\n\t\t\t\t\t\t<\/a>\n\t\t\t\t\t\t\n\t\t\t\t\t<\/div>\n\t\t\t    \t\n\t\t\t\t\t\t<\/div>\n\t\t\t\t<\/div>\n\t\t\t\t\t<\/div>\n\t\t<\/div>\n\t\t\t\t\t<\/div>\n\t\t<\/div>\n\t\t\t\t<div class=\"elementor-section elementor-inner-section elementor-element elementor-element-4b3046c2 elementor-section-full_width elementor-section-height-default elementor-section-height-default\" data-id=\"4b3046c2\" data-element_type=\"section\" data-e-type=\"section\">\n\t\t\t\t\t\t<div class=\"elementor-container elementor-column-gap-narrow\">\n\t\t\t\t\t<div class=\"elementor-column elementor-col-100 elementor-inner-column elementor-element elementor-element-67890f30\" data-id=\"67890f30\" data-element_type=\"column\" data-e-type=\"column\">\n\t\t\t<div class=\"elementor-widget-wrap elementor-element-populated\">\n\t\t\t\t\t\t<div class=\"elementor-element elementor-element-4ab533ce elementor-widget elementor-widget-bauen-single-img-video\" data-id=\"4ab533ce\" data-element_type=\"widget\" data-e-type=\"widget\" data-widget_type=\"bauen-single-img-video.default\">\n\t\t\t\t<div class=\"elementor-widget-container\">\n\t\t\t\t\t\t\t\n\t\t\n\t\t\t\n\t\t\t\t\t\t    \t\t\t\t\n\t\t\t\t\t<div class=\"sec-gallery gallery-item\">\n\t\t\t\t\t\t\n\t\t\t\t\t\t<a href=\"https:\/\/dialectointeriorismo.com\/wp-content\/uploads\/2025\/05\/Styling-sala-interior-Dialecto.jpg\" title=\"\" class=\"img-zoom-gallery\">\n\t\t\t\t\t\t\t<div class=\"gallery-box\">\n\t\t\t\t\t\t\t\t<div class=\"gallery-img\"> <img decoding=\"async\" width=\"2048\" height=\"1365\" src=\"https:\/\/dialectointeriorismo.com\/wp-content\/uploads\/2025\/05\/Styling-sala-interior-Dialecto.jpg\" class=\"attachment-full size-full wp-image-3289\" alt=\"\" srcset=\"https:\/\/dialectointeriorismo.com\/wp-content\/uploads\/2025\/05\/Styling-sala-interior-Dialecto.jpg 2048w, https:\/\/dialectointeriorismo.com\/wp-content\/uploads\/2025\/05\/Styling-sala-interior-Dialecto-300x200.jpg 300w, https:\/\/dialectointeriorismo.com\/wp-content\/uploads\/2025\/05\/Styling-sala-interior-Dialecto-1024x683.jpg 1024w, https:\/\/dialectointeriorismo.com\/wp-content\/uploads\/2025\/05\/Styling-sala-interior-Dialecto-768x512.jpg 768w, https:\/\/dialectointeriorismo.com\/wp-content\/uploads\/2025\/05\/Styling-sala-interior-Dialecto-1536x1024.jpg 1536w\" sizes=\"(max-width: 2048px) 100vw, 2048px\" \/> <\/div>\n\t\t\t\t\t\t\t<\/div>\t\t\t\t\t\t\t\t\t\n\t\t\t\t\t\t<\/a>\n\t\t\t\t\t\t\n\t\t\t\t\t<\/div>\n\t\t\t    \t\n\t\t\t\t\t\t<\/div>\n\t\t\t\t<\/div>\n\t\t\t\t\t<\/div>\n\t\t<\/div>\n\t\t\t\t\t<\/div>\n\t\t<\/div>\n\t\t\t\t\t<\/div>\n\t\t<\/div>\n\t\t\t\t\t<\/div>\n\t\t<\/section>\n\t\t\t\t<\/div>","protected":false},"excerpt":{"rendered":"<p>Styling general Styling in interior design is the art of transforming a space through the careful selection and arrangement of decorative objects, textiles, furniture, and aesthetic details that bring personality and harmony. It focuses on highlighting the essence of the environment, creating atmospheres that inspire and captivate through a balanced and unique visual composition.<\/p>","protected":false},"author":1,"featured_media":0,"parent":61,"menu_order":0,"comment_status":"closed","ping_status":"closed","template":"","meta":{"footnotes":"","_links_to":"","_links_to_target":""},"class_list":["post-173","page","type-page","status-publish","hentry"],"_links":{"self":[{"href":"https:\/\/dialectointeriorismo.com\/es\/wp-json\/wp\/v2\/pages\/173","targetHints":{"allow":["GET"]}}],"collection":[{"href":"https:\/\/dialectointeriorismo.com\/es\/wp-json\/wp\/v2\/pages"}],"about":[{"href":"https:\/\/dialectointeriorismo.com\/es\/wp-json\/wp\/v2\/types\/page"}],"author":[{"embeddable":true,"href":"https:\/\/dialectointeriorismo.com\/es\/wp-json\/wp\/v2\/users\/1"}],"replies":[{"embeddable":true,"href":"https:\/\/dialectointeriorismo.com\/es\/wp-json\/wp\/v2\/comments?post=173"}],"version-history":[{"count":10,"href":"https:\/\/dialectointeriorismo.com\/es\/wp-json\/wp\/v2\/pages\/173\/revisions"}],"predecessor-version":[{"id":3686,"href":"https:\/\/dialectointeriorismo.com\/es\/wp-json\/wp\/v2\/pages\/173\/revisions\/3686"}],"up":[{"embeddable":true,"href":"https:\/\/dialectointeriorismo.com\/es\/wp-json\/wp\/v2\/pages\/61"}],"wp:attachment":[{"href":"https:\/\/dialectointeriorismo.com\/es\/wp-json\/wp\/v2\/media?parent=173"}],"curies":[{"name":"wp","href":"https:\/\/api.w.org\/{rel}","templated":true}]}}