{"id":158,"date":"2021-10-04T03:02:56","date_gmt":"2021-10-04T03:02:56","guid":{"rendered":"https:\/\/webredox.net\/demo\/wp\/bauen\/light\/multi\/demo1\/?page_id=158"},"modified":"2025-08-25T10:48:18","modified_gmt":"2025-08-25T10:48:18","slug":"design-and-decoration-supervision","status":"publish","type":"page","link":"https:\/\/dialectointeriorismo.com\/es\/services\/design-and-decoration-supervision\/","title":{"rendered":"Supervisi\u00f3n de dise\u00f1o y decoraci\u00f3n"},"content":{"rendered":"<div data-elementor-type=\"wp-page\" data-elementor-id=\"158\" class=\"elementor elementor-158\">\n\t\t\t\t\t\t<section class=\"elementor-section elementor-top-section elementor-element elementor-element-42ec5855 elementor-section-full_width elementor-section-height-default elementor-section-height-default\" data-id=\"42ec5855\" data-element_type=\"section\" data-e-type=\"section\">\n\t\t\t\t\t\t<div class=\"elementor-container elementor-column-gap-no\">\n\t\t\t\t\t<div class=\"elementor-column elementor-col-100 elementor-top-column elementor-element elementor-element-5adf14e4\" data-id=\"5adf14e4\" data-element_type=\"column\" data-e-type=\"column\">\n\t\t\t<div class=\"elementor-widget-wrap elementor-element-populated\">\n\t\t\t\t\t\t<div class=\"elementor-section elementor-inner-section elementor-element elementor-element-24eaf1dc elementor-section-full_width elementor-section-height-default elementor-section-height-default\" data-id=\"24eaf1dc\" data-element_type=\"section\" data-e-type=\"section\">\n\t\t\t\t\t\t<div class=\"elementor-container elementor-column-gap-default\">\n\t\t\t\t\t<div class=\"elementor-column elementor-col-100 elementor-inner-column elementor-element elementor-element-7a8580f0\" data-id=\"7a8580f0\" data-element_type=\"column\" data-e-type=\"column\">\n\t\t\t<div class=\"elementor-widget-wrap elementor-element-populated\">\n\t\t\t\t\t\t<div class=\"elementor-element elementor-element-702e15b3 elementor-widget elementor-widget-bauen-title\" data-id=\"702e15b3\" data-element_type=\"widget\" data-e-type=\"widget\" data-widget_type=\"bauen-title.default\">\n\t\t\t\t<div class=\"elementor-widget-container\">\n\t\t\t\t\t\t\t\n\t\t\t\t\t\t\t\t<h2 class=\"section-title2 text-left\">Supervisi\u00f3n de dise\u00f1o y decoraci\u00f3n<\/h2>\n\t\t\t\t\t\t\t\t\t\t\t\n\t\t\n\t\t\t\n        \t\t\t\t<\/div>\n\t\t\t\t<\/div>\n\t\t\t\t<div class=\"elementor-element elementor-element-60827e94 elementor-widget elementor-widget-bauen-text\" data-id=\"60827e94\" data-element_type=\"widget\" data-e-type=\"widget\" data-widget_type=\"bauen-text.default\">\n\t\t\t\t<div class=\"elementor-widget-container\">\n\t\t\t\t\t\t\t<div class=\"bn-text-block clear\">\n\t\t<p data-start=\"0\" data-end=\"299\">En Dialecto, garantizamos que cada detalle de tu proyecto se lleve a cabo seg\u00fan lo planeado. Nuestro servicio de Supervisi\u00f3n de Dise\u00f1o y Decoraci\u00f3n asegura que la ejecuci\u00f3n cumpla con los m\u00e1s altos est\u00e1ndares de calidad, respetando la esencia del concepto original y cuidando cada aspecto est\u00e9tico y funcional.<\/p><p data-start=\"301\" data-end=\"459\" data-is-last-node=\"\" data-is-only-node=\"\">Supervisamos cada etapa del montaje y la decoraci\u00f3n, colaborando con los equipos de trabajo para asegurar que la visi\u00f3n del proyecto cobre vida de manera impecable y profesional.<\/p>\t\t<\/div>\n\t\t\t\t\t\t<\/div>\n\t\t\t\t<\/div>\n\t\t\t\t\t<\/div>\n\t\t<\/div>\n\t\t\t\t\t<\/div>\n\t\t<\/div>\n\t\t\t\t<div class=\"elementor-section elementor-inner-section elementor-element elementor-element-5031ffe1 elementor-section-full_width elementor-section-height-default elementor-section-height-default\" data-id=\"5031ffe1\" data-element_type=\"section\" data-e-type=\"section\">\n\t\t\t\t\t\t<div class=\"elementor-container elementor-column-gap-narrow\">\n\t\t\t\t\t<div class=\"elementor-column elementor-col-50 elementor-inner-column elementor-element elementor-element-62303d25\" data-id=\"62303d25\" data-element_type=\"column\" data-e-type=\"column\">\n\t\t\t<div class=\"elementor-widget-wrap elementor-element-populated\">\n\t\t\t\t\t\t<div class=\"elementor-element elementor-element-552e57d2 elementor-widget elementor-widget-bauen-single-img-video\" data-id=\"552e57d2\" data-element_type=\"widget\" data-e-type=\"widget\" data-widget_type=\"bauen-single-img-video.default\">\n\t\t\t\t<div class=\"elementor-widget-container\">\n\t\t\t\t\t\t\t\n\t\t\n\t\t\t\n\t\t\t\t\t\t    \t\t\t\t\n\t\t\t\t\t<div class=\"sec-gallery gallery-item\">\n\t\t\t\t\t\t\n\t\t\t\t\t\t<a href=\"https:\/\/dialectointeriorismo.com\/wp-content\/uploads\/2025\/06\/Casa-Palmeras-1-6-scaled.jpeg\" title=\"\" class=\"img-zoom-gallery\">\n\t\t\t\t\t\t\t<div class=\"gallery-box\">\n\t\t\t\t\t\t\t\t<div class=\"gallery-img\"> <img fetchpriority=\"high\" decoding=\"async\" width=\"1706\" height=\"2560\" src=\"https:\/\/dialectointeriorismo.com\/wp-content\/uploads\/2025\/06\/Casa-Palmeras-1-6-scaled.jpeg\" class=\"attachment-full size-full wp-image-3443\" alt=\"\" srcset=\"https:\/\/dialectointeriorismo.com\/wp-content\/uploads\/2025\/06\/Casa-Palmeras-1-6-scaled.jpeg 1706w, https:\/\/dialectointeriorismo.com\/wp-content\/uploads\/2025\/06\/Casa-Palmeras-1-6-200x300.jpeg 200w, https:\/\/dialectointeriorismo.com\/wp-content\/uploads\/2025\/06\/Casa-Palmeras-1-6-683x1024.jpeg 683w, https:\/\/dialectointeriorismo.com\/wp-content\/uploads\/2025\/06\/Casa-Palmeras-1-6-768x1152.jpeg 768w, https:\/\/dialectointeriorismo.com\/wp-content\/uploads\/2025\/06\/Casa-Palmeras-1-6-1024x1536.jpeg 1024w, https:\/\/dialectointeriorismo.com\/wp-content\/uploads\/2025\/06\/Casa-Palmeras-1-6-1365x2048.jpeg 1365w\" sizes=\"(max-width: 1706px) 100vw, 1706px\" \/> <\/div>\n\t\t\t\t\t\t\t<\/div>\t\t\t\t\t\t\t\t\t\n\t\t\t\t\t\t<\/a>\n\t\t\t\t\t\t\n\t\t\t\t\t<\/div>\n\t\t\t    \t\n\t\t\t\t\t\t<\/div>\n\t\t\t\t<\/div>\n\t\t\t\t\t<\/div>\n\t\t<\/div>\n\t\t\t\t<div class=\"elementor-column elementor-col-50 elementor-inner-column elementor-element elementor-element-3b512025\" data-id=\"3b512025\" data-element_type=\"column\" data-e-type=\"column\">\n\t\t\t<div class=\"elementor-widget-wrap elementor-element-populated\">\n\t\t\t\t\t\t<div class=\"elementor-element elementor-element-1201cbc3 elementor-widget elementor-widget-bauen-single-img-video\" data-id=\"1201cbc3\" data-element_type=\"widget\" data-e-type=\"widget\" data-widget_type=\"bauen-single-img-video.default\">\n\t\t\t\t<div class=\"elementor-widget-container\">\n\t\t\t\t\t\t\t\n\t\t\n\t\t\t\n\t\t\t\t\t\t    \t\t\t\t\n\t\t\t\t\t<div class=\"sec-gallery gallery-item\">\n\t\t\t\t\t\t\n\t\t\t\t\t\t<a href=\"https:\/\/dialectointeriorismo.com\/wp-content\/uploads\/2025\/08\/Casa-Plataforma-14.jpg\" title=\"\" class=\"img-zoom-gallery\">\n\t\t\t\t\t\t\t<div class=\"gallery-box\">\n\t\t\t\t\t\t\t\t<div class=\"gallery-img\"> <img decoding=\"async\" width=\"1024\" height=\"1536\" src=\"https:\/\/dialectointeriorismo.com\/wp-content\/uploads\/2025\/08\/Casa-Plataforma-14.jpg\" class=\"attachment-full size-full wp-image-3504\" alt=\"\" srcset=\"https:\/\/dialectointeriorismo.com\/wp-content\/uploads\/2025\/08\/Casa-Plataforma-14.jpg 1024w, https:\/\/dialectointeriorismo.com\/wp-content\/uploads\/2025\/08\/Casa-Plataforma-14-200x300.jpg 200w, https:\/\/dialectointeriorismo.com\/wp-content\/uploads\/2025\/08\/Casa-Plataforma-14-683x1024.jpg 683w, https:\/\/dialectointeriorismo.com\/wp-content\/uploads\/2025\/08\/Casa-Plataforma-14-768x1152.jpg 768w\" sizes=\"(max-width: 1024px) 100vw, 1024px\" \/> <\/div>\n\t\t\t\t\t\t\t<\/div>\t\t\t\t\t\t\t\t\t\n\t\t\t\t\t\t<\/a>\n\t\t\t\t\t\t\n\t\t\t\t\t<\/div>\n\t\t\t    \t\n\t\t\t\t\t\t<\/div>\n\t\t\t\t<\/div>\n\t\t\t\t\t<\/div>\n\t\t<\/div>\n\t\t\t\t\t<\/div>\n\t\t<\/div>\n\t\t\t\t<div class=\"elementor-section elementor-inner-section elementor-element elementor-element-26a6e332 elementor-section-full_width elementor-section-height-default elementor-section-height-default\" data-id=\"26a6e332\" data-element_type=\"section\" data-e-type=\"section\">\n\t\t\t\t\t\t<div class=\"elementor-container elementor-column-gap-narrow\">\n\t\t\t\t\t<div class=\"elementor-column elementor-col-100 elementor-inner-column elementor-element elementor-element-76fa3383\" data-id=\"76fa3383\" data-element_type=\"column\" data-e-type=\"column\">\n\t\t\t<div class=\"elementor-widget-wrap elementor-element-populated\">\n\t\t\t\t\t\t<div class=\"elementor-element elementor-element-4b457df9 elementor-widget elementor-widget-bauen-single-img-video\" data-id=\"4b457df9\" data-element_type=\"widget\" data-e-type=\"widget\" data-widget_type=\"bauen-single-img-video.default\">\n\t\t\t\t<div class=\"elementor-widget-container\">\n\t\t\t\t\t\t\t\n\t\t\n\t\t\t\n\t\t\t\t\t\t    \t\t\t\t\n\t\t\t\t\t<div class=\"sec-gallery gallery-item\">\n\t\t\t\t\t\t\n\t\t\t\t\t\t<a href=\"https:\/\/dialectointeriorismo.com\/wp-content\/uploads\/2025\/08\/Casa-Plataforma-20.jpg\" title=\"\" class=\"img-zoom-gallery\">\n\t\t\t\t\t\t\t<div class=\"gallery-box\">\n\t\t\t\t\t\t\t\t<div class=\"gallery-img\"> <img decoding=\"async\" width=\"1024\" height=\"683\" src=\"https:\/\/dialectointeriorismo.com\/wp-content\/uploads\/2025\/08\/Casa-Plataforma-20.jpg\" class=\"attachment-full size-full wp-image-3510\" alt=\"\" srcset=\"https:\/\/dialectointeriorismo.com\/wp-content\/uploads\/2025\/08\/Casa-Plataforma-20.jpg 1024w, https:\/\/dialectointeriorismo.com\/wp-content\/uploads\/2025\/08\/Casa-Plataforma-20-300x200.jpg 300w, https:\/\/dialectointeriorismo.com\/wp-content\/uploads\/2025\/08\/Casa-Plataforma-20-768x512.jpg 768w\" sizes=\"(max-width: 1024px) 100vw, 1024px\" \/> <\/div>\n\t\t\t\t\t\t\t<\/div>\t\t\t\t\t\t\t\t\t\n\t\t\t\t\t\t<\/a>\n\t\t\t\t\t\t\n\t\t\t\t\t<\/div>\n\t\t\t    \t\n\t\t\t\t\t\t<\/div>\n\t\t\t\t<\/div>\n\t\t\t\t<div class=\"elementor-element elementor-element-f3e3eed elementor-widget elementor-widget-bauen-text\" data-id=\"f3e3eed\" data-element_type=\"widget\" data-e-type=\"widget\" data-widget_type=\"bauen-text.default\">\n\t\t\t\t<div class=\"elementor-widget-container\">\n\t\t\t\t\t\t\t<div class=\"bn-text-block clear\">\n\t\t<p data-start=\"0\" data-end=\"22\"><strong data-start=\"0\" data-end=\"20\">\u00bfQu\u00e9 Incluye?<\/strong><\/p><ul data-start=\"24\" data-end=\"332\"><li data-start=\"24\" data-end=\"114\"><p data-start=\"26\" data-end=\"114\">Acompa\u00f1amiento durante el montaje y la disposici\u00f3n de mobiliario y elementos decorativos.<\/p><\/li><li data-start=\"115\" data-end=\"188\"><p data-start=\"117\" data-end=\"188\">Verificaci\u00f3n de la correcta implementaci\u00f3n de materiales y acabados.<\/p><\/li><li data-start=\"189\" data-end=\"256\"><p data-start=\"191\" data-end=\"256\">Control de calidad para asegurar coherencia con el dise\u00f1o propuesto.<\/p><\/li><li data-start=\"257\" data-end=\"332\"><p data-start=\"259\" data-end=\"332\">Asesor\u00eda continua para ajustes o detalles finales que realcen el espacio.<\/p><\/li><\/ul><p data-start=\"334\" data-end=\"514\" data-is-last-node=\"\" data-is-only-node=\"\">Una supervisi\u00f3n experta garantiza que el resultado final sea fiel a la propuesta de dise\u00f1o, evitando imprevistos y logrando un acabado impecable que resalte la esencia del proyecto.<\/p>\t\t<\/div>\n\t\t\t\t\t\t<\/div>\n\t\t\t\t<\/div>\n\t\t\t\t\t<\/div>\n\t\t<\/div>\n\t\t\t\t\t<\/div>\n\t\t<\/div>\n\t\t\t\t\t<\/div>\n\t\t<\/div>\n\t\t\t\t\t<\/div>\n\t\t<\/section>\n\t\t\t\t<\/div>","protected":false},"excerpt":{"rendered":"<p>Design and decoration supervision At Dialecto, we ensure that every detail of your project is carried out as planned. Our Design and Decoration Supervision service guarantees that execution meets the highest quality standards, respecting the essence of the original concept and taking care of every aesthetic and functional aspect. We oversee every stage of installation and decoration, collaborating with work&#8230;<\/p>","protected":false},"author":1,"featured_media":0,"parent":61,"menu_order":0,"comment_status":"closed","ping_status":"closed","template":"","meta":{"footnotes":"","_links_to":"","_links_to_target":""},"class_list":["post-158","page","type-page","status-publish","hentry"],"_links":{"self":[{"href":"https:\/\/dialectointeriorismo.com\/es\/wp-json\/wp\/v2\/pages\/158","targetHints":{"allow":["GET"]}}],"collection":[{"href":"https:\/\/dialectointeriorismo.com\/es\/wp-json\/wp\/v2\/pages"}],"about":[{"href":"https:\/\/dialectointeriorismo.com\/es\/wp-json\/wp\/v2\/types\/page"}],"author":[{"embeddable":true,"href":"https:\/\/dialectointeriorismo.com\/es\/wp-json\/wp\/v2\/users\/1"}],"replies":[{"embeddable":true,"href":"https:\/\/dialectointeriorismo.com\/es\/wp-json\/wp\/v2\/comments?post=158"}],"version-history":[{"count":12,"href":"https:\/\/dialectointeriorismo.com\/es\/wp-json\/wp\/v2\/pages\/158\/revisions"}],"predecessor-version":[{"id":3690,"href":"https:\/\/dialectointeriorismo.com\/es\/wp-json\/wp\/v2\/pages\/158\/revisions\/3690"}],"up":[{"embeddable":true,"href":"https:\/\/dialectointeriorismo.com\/es\/wp-json\/wp\/v2\/pages\/61"}],"wp:attachment":[{"href":"https:\/\/dialectointeriorismo.com\/es\/wp-json\/wp\/v2\/media?parent=158"}],"curies":[{"name":"wp","href":"https:\/\/api.w.org\/{rel}","templated":true}]}}